{"id":17,"date":"2023-12-28T21:01:26","date_gmt":"2023-12-29T02:01:26","guid":{"rendered":"https:\/\/imprimeren3d.ca\/?post_type=product&#038;p=17"},"modified":"2023-12-29T19:17:27","modified_gmt":"2023-12-30T00:17:27","slug":"https-imprimeren3d-ca-bien-se-preparer-a-limpression-3d","status":"publish","type":"product","link":"https:\/\/imprimeren3d.ca\/en\/produit\/https-imprimeren3d-ca-bien-se-preparer-a-limpression-3d\/","title":{"rendered":"Pr\u00e9parez votre impression 3D"},"content":{"rendered":"","protected":false},"excerpt":{"rendered":"<p>\u00c9tape 1 : D\u00e9posez votre fichier .STL dans la fen\u00eatre de gauche.<\/p>\n<p>\u00c9tape 2 : S\u00e9lectionnez les options ci-bas.<\/p>\n<p>\u00c9tape 3 : Vous recevrez votre prix officiel par courriel.<\/p>\n","protected":false},"featured_media":47,"template":"","meta":[],"product_brand":[],"product_cat":[15],"product_tag":[],"class_list":{"0":"post-17","1":"product","2":"type-product","3":"status-publish","4":"has-post-thumbnail","6":"product_cat-impression3d","7":"pa_p3d_coating-all","8":"pa_p3d_cutting_instructions-all","9":"pa_p3d_filename-all","10":"pa_p3d_infill-all","11":"pa_p3d_material-all","12":"pa_p3d_model-all","13":"pa_p3d_original_url-all","14":"pa_p3d_postprocessing-all","15":"pa_p3d_printer-all","16":"pa_p3d_scale-all","17":"pa_p3d_unit-all","19":"first","20":"instock","21":"taxable","22":"shipping-taxable","23":"purchasable","24":"product-type-variable"},"yoast_head":"<!-- This site is optimized with the Yoast SEO plugin v27.4 - https:\/\/yoast.com\/product\/yoast-seo-wordpress\/ -->\n<title>Pr\u00e9parez votre impression 3D - Imprimer en 3d<\/title>\n<meta name=\"robots\" content=\"index, follow, max-snippet:-1, max-image-preview:large, max-video-preview:-1\" \/>\n<link rel=\"canonical\" href=\"https:\/\/imprimeren3d.ca\/produit\/https-imprimeren3d-ca-bien-se-preparer-a-limpression-3d\/\" \/>\n<meta property=\"og:locale\" content=\"en_US\" \/>\n<meta property=\"og:type\" content=\"article\" \/>\n<meta property=\"og:title\" content=\"Pr\u00e9parez votre impression 3D - Imprimer en 3d\" \/>\n<meta property=\"og:description\" content=\"\u00c9tape 1 : D\u00e9posez votre fichier .STL dans la fen\u00eatre de gauche.  \u00c9tape 2 : S\u00e9lectionnez les options ci-bas.  \u00c9tape 3 : Vous recevrez votre prix officiel par courriel.\" \/>\n<meta property=\"og:url\" content=\"https:\/\/imprimeren3d.ca\/produit\/https-imprimeren3d-ca-bien-se-preparer-a-limpression-3d\/\" \/>\n<meta property=\"og:site_name\" content=\"Imprimer en 3d\" \/>\n<meta property=\"article:modified_time\" content=\"2023-12-30T00:17:27+00:00\" \/>\n<meta property=\"og:image\" content=\"https:\/\/imprimeren3d.ca\/wp-content\/uploads\/2023\/12\/imaged.jpg\" \/>\n\t<meta property=\"og:image:width\" content=\"2170\" \/>\n\t<meta property=\"og:image:height\" content=\"2014\" \/>\n\t<meta property=\"og:image:type\" content=\"image\/jpeg\" \/>\n<meta name=\"twitter:card\" content=\"summary_large_image\" \/>\n<script type=\"application\/ld+json\" class=\"yoast-schema-graph\">{\"@context\":\"https:\\\/\\\/schema.org\",\"@graph\":[{\"@type\":\"WebPage\",\"@id\":\"https:\\\/\\\/imprimeren3d.ca\\\/produit\\\/https-imprimeren3d-ca-bien-se-preparer-a-limpression-3d\\\/\",\"url\":\"https:\\\/\\\/imprimeren3d.ca\\\/produit\\\/https-imprimeren3d-ca-bien-se-preparer-a-limpression-3d\\\/\",\"name\":\"Pr\u00e9parez votre impression 3D - Imprimer en 3d\",\"isPartOf\":{\"@id\":\"https:\\\/\\\/imprimeren3d.ca\\\/#website\"},\"primaryImageOfPage\":{\"@id\":\"https:\\\/\\\/imprimeren3d.ca\\\/produit\\\/https-imprimeren3d-ca-bien-se-preparer-a-limpression-3d\\\/#primaryimage\"},\"image\":{\"@id\":\"https:\\\/\\\/imprimeren3d.ca\\\/produit\\\/https-imprimeren3d-ca-bien-se-preparer-a-limpression-3d\\\/#primaryimage\"},\"thumbnailUrl\":\"https:\\\/\\\/imprimeren3d.ca\\\/wp-content\\\/uploads\\\/2023\\\/12\\\/imaged.jpg\",\"datePublished\":\"2023-12-29T02:01:26+00:00\",\"dateModified\":\"2023-12-30T00:17:27+00:00\",\"breadcrumb\":{\"@id\":\"https:\\\/\\\/imprimeren3d.ca\\\/produit\\\/https-imprimeren3d-ca-bien-se-preparer-a-limpression-3d\\\/#breadcrumb\"},\"inLanguage\":\"en-US\",\"potentialAction\":[{\"@type\":\"ReadAction\",\"target\":[\"https:\\\/\\\/imprimeren3d.ca\\\/produit\\\/https-imprimeren3d-ca-bien-se-preparer-a-limpression-3d\\\/\"]}]},{\"@type\":\"ImageObject\",\"inLanguage\":\"en-US\",\"@id\":\"https:\\\/\\\/imprimeren3d.ca\\\/produit\\\/https-imprimeren3d-ca-bien-se-preparer-a-limpression-3d\\\/#primaryimage\",\"url\":\"https:\\\/\\\/imprimeren3d.ca\\\/wp-content\\\/uploads\\\/2023\\\/12\\\/imaged.jpg\",\"contentUrl\":\"https:\\\/\\\/imprimeren3d.ca\\\/wp-content\\\/uploads\\\/2023\\\/12\\\/imaged.jpg\",\"width\":2170,\"height\":2014},{\"@type\":\"BreadcrumbList\",\"@id\":\"https:\\\/\\\/imprimeren3d.ca\\\/produit\\\/https-imprimeren3d-ca-bien-se-preparer-a-limpression-3d\\\/#breadcrumb\",\"itemListElement\":[{\"@type\":\"ListItem\",\"position\":1,\"name\":\"Accueil\",\"item\":\"https:\\\/\\\/imprimeren3d.ca\\\/\"},{\"@type\":\"ListItem\",\"position\":2,\"name\":\"Shop\",\"item\":\"https:\\\/\\\/imprimeren3d.ca\\\/en\\\/shop\\\/\"},{\"@type\":\"ListItem\",\"position\":3,\"name\":\"Pr\u00e9parez votre impression 3D\"}]},{\"@type\":\"WebSite\",\"@id\":\"https:\\\/\\\/imprimeren3d.ca\\\/#website\",\"url\":\"https:\\\/\\\/imprimeren3d.ca\\\/\",\"name\":\"Imprimer en 3d\",\"description\":\"Juste un autre site WordPress\",\"publisher\":{\"@id\":\"https:\\\/\\\/imprimeren3d.ca\\\/#organization\"},\"potentialAction\":[{\"@type\":\"SearchAction\",\"target\":{\"@type\":\"EntryPoint\",\"urlTemplate\":\"https:\\\/\\\/imprimeren3d.ca\\\/?s={search_term_string}\"},\"query-input\":{\"@type\":\"PropertyValueSpecification\",\"valueRequired\":true,\"valueName\":\"search_term_string\"}}],\"inLanguage\":\"en-US\"},{\"@type\":\"Organization\",\"@id\":\"https:\\\/\\\/imprimeren3d.ca\\\/#organization\",\"name\":\"Imprimer en 3d\",\"url\":\"https:\\\/\\\/imprimeren3d.ca\\\/\",\"logo\":{\"@type\":\"ImageObject\",\"inLanguage\":\"en-US\",\"@id\":\"https:\\\/\\\/imprimeren3d.ca\\\/#\\\/schema\\\/logo\\\/image\\\/\",\"url\":\"https:\\\/\\\/imprimeren3d.ca\\\/wp-content\\\/uploads\\\/2023\\\/12\\\/cropped-imaged.jpg\",\"contentUrl\":\"https:\\\/\\\/imprimeren3d.ca\\\/wp-content\\\/uploads\\\/2023\\\/12\\\/cropped-imaged.jpg\",\"width\":2014,\"height\":2014,\"caption\":\"Imprimer en 3d\"},\"image\":{\"@id\":\"https:\\\/\\\/imprimeren3d.ca\\\/#\\\/schema\\\/logo\\\/image\\\/\"}}]}<\/script>\n<!-- \/ Yoast SEO plugin. -->","yoast_head_json":{"title":"Pr\u00e9parez votre impression 3D - Imprimer en 3d","robots":{"index":"index","follow":"follow","max-snippet":"max-snippet:-1","max-image-preview":"max-image-preview:large","max-video-preview":"max-video-preview:-1"},"canonical":"https:\/\/imprimeren3d.ca\/produit\/https-imprimeren3d-ca-bien-se-preparer-a-limpression-3d\/","og_locale":"en_US","og_type":"article","og_title":"Pr\u00e9parez votre impression 3D - Imprimer en 3d","og_description":"\u00c9tape 1 : D\u00e9posez votre fichier .STL dans la fen\u00eatre de gauche.  \u00c9tape 2 : S\u00e9lectionnez les options ci-bas.  \u00c9tape 3 : Vous recevrez votre prix officiel par courriel.","og_url":"https:\/\/imprimeren3d.ca\/produit\/https-imprimeren3d-ca-bien-se-preparer-a-limpression-3d\/","og_site_name":"Imprimer en 3d","article_modified_time":"2023-12-30T00:17:27+00:00","og_image":[{"width":2170,"height":2014,"url":"https:\/\/imprimeren3d.ca\/wp-content\/uploads\/2023\/12\/imaged.jpg","type":"image\/jpeg"}],"twitter_card":"summary_large_image","schema":{"@context":"https:\/\/schema.org","@graph":[{"@type":"WebPage","@id":"https:\/\/imprimeren3d.ca\/produit\/https-imprimeren3d-ca-bien-se-preparer-a-limpression-3d\/","url":"https:\/\/imprimeren3d.ca\/produit\/https-imprimeren3d-ca-bien-se-preparer-a-limpression-3d\/","name":"Pr\u00e9parez votre impression 3D - Imprimer en 3d","isPartOf":{"@id":"https:\/\/imprimeren3d.ca\/#website"},"primaryImageOfPage":{"@id":"https:\/\/imprimeren3d.ca\/produit\/https-imprimeren3d-ca-bien-se-preparer-a-limpression-3d\/#primaryimage"},"image":{"@id":"https:\/\/imprimeren3d.ca\/produit\/https-imprimeren3d-ca-bien-se-preparer-a-limpression-3d\/#primaryimage"},"thumbnailUrl":"https:\/\/imprimeren3d.ca\/wp-content\/uploads\/2023\/12\/imaged.jpg","datePublished":"2023-12-29T02:01:26+00:00","dateModified":"2023-12-30T00:17:27+00:00","breadcrumb":{"@id":"https:\/\/imprimeren3d.ca\/produit\/https-imprimeren3d-ca-bien-se-preparer-a-limpression-3d\/#breadcrumb"},"inLanguage":"en-US","potentialAction":[{"@type":"ReadAction","target":["https:\/\/imprimeren3d.ca\/produit\/https-imprimeren3d-ca-bien-se-preparer-a-limpression-3d\/"]}]},{"@type":"ImageObject","inLanguage":"en-US","@id":"https:\/\/imprimeren3d.ca\/produit\/https-imprimeren3d-ca-bien-se-preparer-a-limpression-3d\/#primaryimage","url":"https:\/\/imprimeren3d.ca\/wp-content\/uploads\/2023\/12\/imaged.jpg","contentUrl":"https:\/\/imprimeren3d.ca\/wp-content\/uploads\/2023\/12\/imaged.jpg","width":2170,"height":2014},{"@type":"BreadcrumbList","@id":"https:\/\/imprimeren3d.ca\/produit\/https-imprimeren3d-ca-bien-se-preparer-a-limpression-3d\/#breadcrumb","itemListElement":[{"@type":"ListItem","position":1,"name":"Accueil","item":"https:\/\/imprimeren3d.ca\/"},{"@type":"ListItem","position":2,"name":"Shop","item":"https:\/\/imprimeren3d.ca\/en\/shop\/"},{"@type":"ListItem","position":3,"name":"Pr\u00e9parez votre impression 3D"}]},{"@type":"WebSite","@id":"https:\/\/imprimeren3d.ca\/#website","url":"https:\/\/imprimeren3d.ca\/","name":"Imprimer en 3d","description":"Juste un autre site WordPress","publisher":{"@id":"https:\/\/imprimeren3d.ca\/#organization"},"potentialAction":[{"@type":"SearchAction","target":{"@type":"EntryPoint","urlTemplate":"https:\/\/imprimeren3d.ca\/?s={search_term_string}"},"query-input":{"@type":"PropertyValueSpecification","valueRequired":true,"valueName":"search_term_string"}}],"inLanguage":"en-US"},{"@type":"Organization","@id":"https:\/\/imprimeren3d.ca\/#organization","name":"Imprimer en 3d","url":"https:\/\/imprimeren3d.ca\/","logo":{"@type":"ImageObject","inLanguage":"en-US","@id":"https:\/\/imprimeren3d.ca\/#\/schema\/logo\/image\/","url":"https:\/\/imprimeren3d.ca\/wp-content\/uploads\/2023\/12\/cropped-imaged.jpg","contentUrl":"https:\/\/imprimeren3d.ca\/wp-content\/uploads\/2023\/12\/cropped-imaged.jpg","width":2014,"height":2014,"caption":"Imprimer en 3d"},"image":{"@id":"https:\/\/imprimeren3d.ca\/#\/schema\/logo\/image\/"}}]}},"_links":{"self":[{"href":"https:\/\/imprimeren3d.ca\/en\/wp-json\/wp\/v2\/product\/17","targetHints":{"allow":["GET"]}}],"collection":[{"href":"https:\/\/imprimeren3d.ca\/en\/wp-json\/wp\/v2\/product"}],"about":[{"href":"https:\/\/imprimeren3d.ca\/en\/wp-json\/wp\/v2\/types\/product"}],"wp:featuredmedia":[{"embeddable":true,"href":"https:\/\/imprimeren3d.ca\/en\/wp-json\/wp\/v2\/media\/47"}],"wp:attachment":[{"href":"https:\/\/imprimeren3d.ca\/en\/wp-json\/wp\/v2\/media?parent=17"}],"wp:term":[{"taxonomy":"product_brand","embeddable":true,"href":"https:\/\/imprimeren3d.ca\/en\/wp-json\/wp\/v2\/product_brand?post=17"},{"taxonomy":"product_cat","embeddable":true,"href":"https:\/\/imprimeren3d.ca\/en\/wp-json\/wp\/v2\/product_cat?post=17"},{"taxonomy":"product_tag","embeddable":true,"href":"https:\/\/imprimeren3d.ca\/en\/wp-json\/wp\/v2\/product_tag?post=17"}],"curies":[{"name":"wp","href":"https:\/\/api.w.org\/{rel}","templated":true}]}}